{"id":16450,"date":"2024-11-05T11:13:46","date_gmt":"2024-11-05T14:13:46","guid":{"rendered":"https:\/\/labovet.com.br\/condiciones-de-uso"},"modified":"2025-06-04T11:20:33","modified_gmt":"2025-06-04T14:20:33","slug":"condiciones-de-uso","status":"publish","type":"page","link":"https:\/\/labovet.com.br\/es\/condiciones-de-uso","title":{"rendered":"Condiciones de uso"},"content":{"rendered":"\t\t<div data-elementor-type=\"wp-page\" data-elementor-id=\"16450\" class=\"elementor elementor-16450 elementor-15015\" data-elementor-post-type=\"page\">\n\t\t\t\t<div class=\"elementor-element elementor-element-ca40e76 e-flex e-con-boxed e-con e-parent\" data-id=\"ca40e76\" data-element_type=\"container\" data-e-type=\"container\" data-settings=\"{&quot;jet_parallax_layout_list&quot;:[]}\">\n\t\t\t\t\t<div class=\"e-con-inner\">\n\t\t\t\t<div class=\"elementor-element elementor-element-10e4231 titulo-produtos elementor-widget elementor-widget-heading\" data-id=\"10e4231\" data-element_type=\"widget\" data-e-type=\"widget\" data-widget_type=\"heading.default\">\n\t\t\t\t\t<h2 class=\"elementor-heading-title elementor-size-default\">Condiciones de uso<\/h2>\t\t\t\t<\/div>\n\t\t\t\t<div class=\"elementor-element elementor-element-a467e2f elementor-widget elementor-widget-text-editor\" data-id=\"a467e2f\" data-element_type=\"widget\" data-e-type=\"widget\" data-widget_type=\"text-editor.default\">\n\t\t\t\t\t\t\t\t\t<h2>1. Aceptaci\u00f3n de los t\u00e9rminos<\/h2><p>Al acceder y utilizar el sitio web de Labovet, usted acepta los T\u00e9rminos de uso aqu\u00ed descritos. Estos T\u00e9rminos pueden actualizarse de vez en cuando, y le recomendamos que los revise regularmente para mantenerse informado de cualquier cambio. <\/p><h2><span style=\"color: var( --e-global-color-text ); text-align: var(--text-align);\">2. Finalidad del Sitio<\/span><\/h2><p>El sitio web Labovet est\u00e1 destinado a proporcionar informaci\u00f3n sobre nuestros productos y servicios veterinarios. No realizamos ventas directas a trav\u00e9s de este portal, y el sitio web solo es informativo para nuestros clientes, socios y p\u00fablico en general. <\/p><h2><span style=\"color: var( --e-global-color-text ); text-align: var(--text-align);\">3. Actualizaci\u00f3n de la informaci\u00f3n<\/span><\/h2><p>Nos esforzamos por mantener toda la informaci\u00f3n del sitio web precisa y actualizada. Sin embargo, Labovet no se hace responsable de la informaci\u00f3n que pueda estar temporalmente desactualizada, ya que los productos y las regulaciones pueden cambiar. Para obtener informaci\u00f3n actualizada sobre nuestros productos, p\u00f3ngase en contacto con nosotros directamente.  <\/p><h2><span style=\"color: var( --e-global-color-text ); text-align: var(--text-align);\">4. Propiedad intelectual<\/span><\/h2><p>Todo el contenido de este sitio web, incluidos textos, im\u00e1genes, logotipos, marcas comerciales y otros materiales, es propiedad de Labovet o tiene licencia para su uso exclusivo. Queda prohibida la reproducci\u00f3n, distribuci\u00f3n o modificaci\u00f3n del contenido del sitio web sin nuestra autorizaci\u00f3n previa. <\/p><h2><span style=\"color: var( --e-global-color-text ); text-align: var(--text-align);\">5. Recopilaci\u00f3n y uso de datos<\/span><\/h2><p>Cuando navega por nuestro sitio web, ciertos datos pueden recopilarse autom\u00e1ticamente con el fin de mejorar la experiencia del usuario y personalizar futuros anuncios. Esta informaci\u00f3n es tratada de acuerdo con nuestra [Pol\u00edtica de Privacidad](enlace a la Pol\u00edtica de Privacidad), y garantizamos el cuidado y la confidencialidad con los datos recopilados, de acuerdo con las leyes vigentes. <\/p><h2><span style=\"color: var( --e-global-color-text ); text-align: var(--text-align);\">6. Publicidad y anuncios<\/span><\/h2><p>Utilizamos los datos de navegaci\u00f3n para mostrar anuncios y campa\u00f1as que pueden ser de su inter\u00e9s, en plataformas de terceros. Puede, en cualquier momento, ajustar su configuraci\u00f3n de privacidad para limitar o personalizar la recepci\u00f3n de estos anuncios. <\/p><h2><span style=\"color: var( --e-global-color-text ); text-align: var(--text-align);\">7. Limitaci\u00f3n de responsabilidad<\/span><\/h2><p>Labovet no se hace responsable de ning\u00fan da\u00f1o, directo o indirecto, que surja del uso de la informaci\u00f3n puesta a disposici\u00f3n en el sitio web. El uso de la informaci\u00f3n aqu\u00ed contenida es por cuenta y riesgo del usuario. Consulte siempre a un profesional cualificado o p\u00f3ngase en contacto con nosotros directamente para confirmar la aplicaci\u00f3n de cualquier informaci\u00f3n.  <\/p><h2><span style=\"color: var( --e-global-color-text ); text-align: var(--text-align);\">8. Enlaces externos<\/span><\/h2><p>Nuestro sitio web puede contener enlaces a otros sitios web de terceros. Labovet no es responsable del contenido ni de la seguridad de los sitios web externos, y le recomendamos que revise las pol\u00edticas de esos sitios web antes de proporcionar cualquier informaci\u00f3n personal. <\/p><h2><span style=\"color: var( --e-global-color-text ); text-align: var(--text-align);\">9. Disposiciones generales<\/span><\/h2><p>Estos T\u00e9rminos de Uso se rigen por las leyes de Brasil. Cualquier disputa relacionada con el uso de nuestro sitio web se resolver\u00e1 en la jurisdicci\u00f3n del distrito donde se encuentra la sede de Labovet . <\/p><h2><span style=\"color: var( --e-global-color-text ); text-align: var(--text-align);\">10. Contacto<\/span><\/h2><p>Si tiene alguna pregunta sobre estos T\u00e9rminos de uso o nuestros servicios, <a href=\"https:\/\/labovet.com.br\/fale-conosco\" target=\"_blank\" rel=\"noopener\">comun\u00edquese con<\/a> nosotros a contato@labovet.com.br.<\/p>\t\t\t\t\t\t\t\t<\/div>\n\t\t\t\t\t<\/div>\n\t\t\t\t<\/div>\n\t\t\t\t<\/div>\n\t\t","protected":false},"excerpt":{"rendered":"<p>1. Aceptaci\u00f3n de los t\u00e9rminos Al acceder y utilizar el sitio web de Labovet, usted acepta los T\u00e9rminos de uso aqu\u00ed descritos. Estos T\u00e9rminos pueden actualizarse de vez en cuando, y le recomendamos que los revise regularmente para mantenerse informado de cualquier cambio. 2. Finalidad del Sitio El sitio web Labovet est\u00e1 destinado a proporcionar [&hellip;]<\/p>\n","protected":false},"author":3,"featured_media":0,"parent":0,"menu_order":0,"comment_status":"closed","ping_status":"closed","template":"elementor_header_footer","meta":{"iawp_total_views":4,"_joinchat":[],"footnotes":""},"folder":[1685],"class_list":["post-16450","page","type-page","status-publish","hentry"],"_links":{"self":[{"href":"https:\/\/labovet.com.br\/es\/wp-json\/wp\/v2\/pages\/16450","targetHints":{"allow":["GET"]}}],"collection":[{"href":"https:\/\/labovet.com.br\/es\/wp-json\/wp\/v2\/pages"}],"about":[{"href":"https:\/\/labovet.com.br\/es\/wp-json\/wp\/v2\/types\/page"}],"author":[{"embeddable":true,"href":"https:\/\/labovet.com.br\/es\/wp-json\/wp\/v2\/users\/3"}],"replies":[{"embeddable":true,"href":"https:\/\/labovet.com.br\/es\/wp-json\/wp\/v2\/comments?post=16450"}],"version-history":[{"count":1,"href":"https:\/\/labovet.com.br\/es\/wp-json\/wp\/v2\/pages\/16450\/revisions"}],"predecessor-version":[{"id":16451,"href":"https:\/\/labovet.com.br\/es\/wp-json\/wp\/v2\/pages\/16450\/revisions\/16451"}],"wp:attachment":[{"href":"https:\/\/labovet.com.br\/es\/wp-json\/wp\/v2\/media?parent=16450"}],"wp:term":[{"taxonomy":"folder","embeddable":true,"href":"https:\/\/labovet.com.br\/es\/wp-json\/wp\/v2\/folder?post=16450"}],"curies":[{"name":"wp","href":"https:\/\/api.w.org\/{rel}","templated":true}]}}