{"id":16477,"date":"2024-11-05T11:07:25","date_gmt":"2024-11-05T14:07:25","guid":{"rendered":"https:\/\/labovet.com.br\/politica-de-privacidad"},"modified":"2025-06-04T11:30:12","modified_gmt":"2025-06-04T14:30:12","slug":"politica-de-privacidad","status":"publish","type":"page","link":"https:\/\/labovet.com.br\/es\/politica-de-privacidad","title":{"rendered":"Pol\u00edtica de privacidad"},"content":{"rendered":"\t\t<div data-elementor-type=\"wp-page\" data-elementor-id=\"16477\" class=\"elementor elementor-16477 elementor-15010\" data-elementor-post-type=\"page\">\n\t\t\t\t<div class=\"elementor-element elementor-element-8733129 e-flex e-con-boxed e-con e-parent\" data-id=\"8733129\" data-element_type=\"container\" data-e-type=\"container\" data-settings=\"{&quot;jet_parallax_layout_list&quot;:[]}\">\n\t\t\t\t\t<div class=\"e-con-inner\">\n\t\t\t\t<div class=\"elementor-element elementor-element-e223ee3 titulo-produtos elementor-widget elementor-widget-heading\" data-id=\"e223ee3\" data-element_type=\"widget\" data-e-type=\"widget\" data-widget_type=\"heading.default\">\n\t\t\t\t\t<h2 class=\"elementor-heading-title elementor-size-default\">Pol\u00edtica de privacidad<\/h2>\t\t\t\t<\/div>\n\t\t\t\t<div class=\"elementor-element elementor-element-9a07945 elementor-widget elementor-widget-text-editor\" data-id=\"9a07945\" data-element_type=\"widget\" data-e-type=\"widget\" data-widget_type=\"text-editor.default\">\n\t\t\t\t\t\t\t\t\t<h2>1. INFORMACI\u00d3N GENERAL<\/h2><p>Esta Pol\u00edtica de Privacidad describe c\u00f3mo se recopilan, utilizan, almacenan y protegen los datos personales de los usuarios y visitantes de los siguientes sitios web, denominados colectivamente SITIOS LABOVET:<\/p><ul><li>labovet.com.br<\/li><li>lp.labovet.com.br<\/li><li>starvac.com.br<\/li><li>elevencell.com.br<\/li><li>umheroipet.com.br<\/li><\/ul><p> <\/p><p>Nuestro objetivo es proporcionar transparencia y garantizar que los visitantes y usuarios entiendan qu\u00e9 datos se recopilan, los motivos de la recopilaci\u00f3n y c\u00f3mo pueden administrar o eliminar esa informaci\u00f3n.<\/p><p>Esta Pol\u00edtica de Privacidad se aplica a todos los usuarios y visitantes de los SITIOS LABOVET y forma parte integrante de los T\u00e9rminos y Condiciones Generales de Uso del sitio labovet.com.br, propiedad de LABOVET PRODUTOS VETERIN\u00c1RIOS LTDA, registrada en el CNPJ con el n\u00ba 34.362.558\/0001-39, con sede en Av. Banco do Nordeste &#8211; 455, CIS &#8211; Tomba, Feira de Santana &#8211; Bah\u00eda, CEP 44.010-665 &#8211; Caixa Postal: 363. <\/p><p>Este documento cumple con la Ley General de Protecci\u00f3n de Datos (LGPD &#8211; Ley 13.709\/18), el Marco de Derechos Civiles para Internet (Ley 12.965\/14) y el Reglamento General de Protecci\u00f3n de Datos de la Uni\u00f3n Europea (GDPR &#8211; UE 2016\/679). Esta Pol\u00edtica puede actualizarse a medida que cambien los cambios legales; Le sugerimos que consulte peri\u00f3dicamente esta p\u00e1gina. <\/p><h2>2. C\u00d3MO RECOPILAMOS LOS DATOS PERSONALES DE LOS USUARIOS Y VISITANTES<\/h2><p>Los datos personales pueden ser recopilados en los SITIOS LABOVET de las siguientes maneras:<\/p><p>Registro: Cuando crea una cuenta o perfil, recopilamos datos como correo electr\u00f3nico, nombre, n\u00famero de tel\u00e9fono, direcci\u00f3n e IP. Estos datos son esenciales para la identificaci\u00f3n y para garantizar una mayor seguridad.<br>Navegaci\u00f3n: Cuando accede a las p\u00e1ginas de los SITIOS ANTERIORES, recopilamos informaci\u00f3n sobre su interacci\u00f3n, como las b\u00fasquedas realizadas, los compartidos, las p\u00e1ginas vistas y los clics en los enlaces. Tambi\u00e9n recopilamos el navegador utilizado y la IP de acceso, con el fin de mejorar su experiencia.<br>Terceros: Recibimos datos de terceros (Meta, Google, LinkedIn, RD Station, BotConversa) cuando utiliza sus cuentas para iniciar sesi\u00f3n. Dicho uso est\u00e1 autorizado por el propio usuario al aceptar los t\u00e9rminos de estos terceros.   <\/p><h2>3. QU\u00c9 DATOS PERSONALES RECOPILAMOS<\/h2><p>Los datos personales recopilados incluyen:<\/p><p>Datos de registro: correo electr\u00f3nico, tel\u00e9fono, nombre, redes sociales, ciudad de residencia, profesi\u00f3n.<br>Datos de navegaci\u00f3n: palabras clave, interacci\u00f3n con perfiles, comentarios, visualizaciones e IP.<br>Datos de la transacci\u00f3n: Informaci\u00f3n de pago y datos de la tarjeta de cr\u00e9dito para las compras.<br>Newsletter: e-mail de los visitantes registrados para recibir noticias.<br>Datos sensibles: origen \u00e9tnico, opini\u00f3n pol\u00edtica, religi\u00f3n, datos gen\u00e9ticos y de salud, orientaci\u00f3n sexual, geolocalizaci\u00f3n y edad.<br>Datos Contractuales: datos necesarios para la formalizaci\u00f3n y ejecuci\u00f3n de los contratos de compra o prestaci\u00f3n de servicios.<\/p><h2>4. FINALIDADES DEL USO DE LOS DATOS PERSONALES<\/h2><p>Utilizamos los datos personales de los usuarios para:<\/p><p>Mejorar la Experiencia: Proporcionar servicios personalizados, mejorar la experiencia de navegaci\u00f3n y facilitar el cumplimiento de los compromisos establecidos.<br>An\u00e1lisis y mejoras: comprender el uso de la plataforma y desarrollar soluciones para el negocio y las t\u00e9cnicas.<br>Anuncios personalizados: muestra anuncios en funci\u00f3n de los datos que proporciones.<br>Comercial: optimizar el contenido y el funcionamiento de los servicios ofrecidos.<br>Seguridad y acceso: garantizar la seguridad y accesibilidad a contenidos exclusivos.<br>Si no se producen fines de uso<\/p><h2>5. PLAZO DE CONSERVACI\u00d3N DE LOS DATOS<\/h2><p>Los datos personales se conservan durante el tiempo que sean necesarios para la prestaci\u00f3n de los servicios o para el cumplimiento de las finalidades previstas. El usuario podr\u00e1 solicitar la supresi\u00f3n o anonimizaci\u00f3n de los datos en cualquier momento, salvo cuando existan requisitos legales para conservarlos, tal y como se establece en el art\u00edculo 16 de la LGPD. <\/p><h2>6. SEGURIDAD DE LOS DATOS PERSONALES<\/h2><p>LABOVET PRODUTOS VETERIN\u00c1RIOS LTDA utiliza medidas t\u00e9cnicas y organizativas para proteger los datos personales contra el acceso no autorizado, la p\u00e9rdida, la destrucci\u00f3n o la divulgaci\u00f3n. Los datos de las tarjetas de cr\u00e9dito, por ejemplo, est\u00e1n protegidos por encriptaci\u00f3n SSL. <\/p><p>En caso de que se produzca una brecha de seguridad que afecte a los datos personales de los usuarios, LABOVET comunicar\u00e1 la incidencia de acuerdo con las exigencias legales. Sin embargo, no somos responsables de incidentes de terceros, como ataques de piratas inform\u00e1ticos, ni de los datos proporcionados voluntariamente por el usuario a terceros. <\/p><h2>7. INTERCAMBIO DE DATOS<\/h2><p>Los datos del perfil de usuario, como las publicaciones, pueden ser vistos por otros usuarios y motores de b\u00fasqueda. El usuario tiene la opci\u00f3n de limitar la visibilidad de su perfil. Al acceder a aplicaciones o sitios web de terceros, nuestra Pol\u00edtica de privacidad y T\u00e9rminos de servicio ya no son aplicables. Le recomendamos que lea las pol\u00edticas de privacidad de estos terceros.   <\/p><h2>8. COOKIES Y DATOS DE NAVEGACI\u00d3N<\/h2><p>Utilizamos cookies para recopilar informaci\u00f3n sobre la navegaci\u00f3n del usuario, como la hora y el lugar de acceso, para personalizar la experiencia. Existen dos tipos de cookies: <\/p><p>Cookies persistentes: permanecen en el dispositivo incluso despu\u00e9s de cerrar el navegador, siendo utilizadas en visitas posteriores.<br>Cookies de sesi\u00f3n: Son temporales y desaparecen al cerrar el navegador.<br>Puede configurar su navegador para que rechace las cookies, pero esto puede afectar al funcionamiento de algunas funciones de la plataforma.<\/p><h2>9. CONSENTIMIENTO PARA EL ENV\u00cdO DE CURR\u00cdCULUM<\/h2><p>Al enviar su curr\u00edculum vitae a LABOVET, el candidato autoriza el tratamiento de datos personales para el an\u00e1lisis de selecci\u00f3n y reclutamiento. Estos datos podr\u00e1n conservarse hasta un a\u00f1o si no hay contrataci\u00f3n inmediata. LABOVET est\u00e1 comprometida con la seguridad de estos datos y puede compartirlos internamente o con terceros (por ejemplo, empresas de contrataci\u00f3n).  <\/p><p>El consentimiento puede ser revocado en cualquier momento por el candidato, respetando las obligaciones legales de conservaci\u00f3n de datos.<\/p><h2>10. CONTACTO Y EJERCICIO DE DERECHOS<\/h2><p>Para preguntas sobre el tratamiento de datos personales, solicitar la correcci\u00f3n de informaci\u00f3n, revocar consentimientos o ejercer otros derechos, p\u00f3ngase en contacto con LABOVET PRODUTOS VETERIN\u00c1RIOS LTDA a trav\u00e9s de los canales de atenci\u00f3n informados en el sitio web.<\/p>\t\t\t\t\t\t\t\t<\/div>\n\t\t\t\t\t<\/div>\n\t\t\t\t<\/div>\n\t\t\t\t<\/div>\n\t\t","protected":false},"excerpt":{"rendered":"<p>1. INFORMACI\u00d3N GENERAL Esta Pol\u00edtica de Privacidad describe c\u00f3mo se recopilan, utilizan, almacenan y protegen los datos personales de los usuarios y visitantes de los siguientes sitios web, denominados colectivamente SITIOS LABOVET: labovet.com.br lp.labovet.com.br starvac.com.br elevencell.com.br umheroipet.com.br Nuestro objetivo es proporcionar transparencia y garantizar que los visitantes y usuarios entiendan qu\u00e9 datos se recopilan, los [&hellip;]<\/p>\n","protected":false},"author":3,"featured_media":0,"parent":0,"menu_order":0,"comment_status":"closed","ping_status":"closed","template":"elementor_header_footer","meta":{"iawp_total_views":2,"_joinchat":[],"footnotes":""},"folder":[1685],"class_list":["post-16477","page","type-page","status-publish","hentry"],"_links":{"self":[{"href":"https:\/\/labovet.com.br\/es\/wp-json\/wp\/v2\/pages\/16477","targetHints":{"allow":["GET"]}}],"collection":[{"href":"https:\/\/labovet.com.br\/es\/wp-json\/wp\/v2\/pages"}],"about":[{"href":"https:\/\/labovet.com.br\/es\/wp-json\/wp\/v2\/types\/page"}],"author":[{"embeddable":true,"href":"https:\/\/labovet.com.br\/es\/wp-json\/wp\/v2\/users\/3"}],"replies":[{"embeddable":true,"href":"https:\/\/labovet.com.br\/es\/wp-json\/wp\/v2\/comments?post=16477"}],"version-history":[{"count":1,"href":"https:\/\/labovet.com.br\/es\/wp-json\/wp\/v2\/pages\/16477\/revisions"}],"predecessor-version":[{"id":16478,"href":"https:\/\/labovet.com.br\/es\/wp-json\/wp\/v2\/pages\/16477\/revisions\/16478"}],"wp:attachment":[{"href":"https:\/\/labovet.com.br\/es\/wp-json\/wp\/v2\/media?parent=16477"}],"wp:term":[{"taxonomy":"folder","embeddable":true,"href":"https:\/\/labovet.com.br\/es\/wp-json\/wp\/v2\/folder?post=16477"}],"curies":[{"name":"wp","href":"https:\/\/api.w.org\/{rel}","templated":true}]}}